{"id":196,"date":"2023-07-20T10:10:20","date_gmt":"2023-07-20T08:10:20","guid":{"rendered":"https:\/\/neu.unterellmau.at\/wellness\/"},"modified":"2023-07-21T16:16:02","modified_gmt":"2023-07-21T14:16:02","slug":"wellness","status":"publish","type":"page","link":"https:\/\/unterellmau.at\/en\/wellness\/","title":{"rendered":"Wellness"},"content":{"rendered":"<div data-elementor-type=\"wp-page\" data-elementor-id=\"196\" class=\"elementor elementor-196\" data-elementor-settings=\"{&quot;ha_cmc_init_switcher&quot;:&quot;no&quot;}\" data-elementor-post-type=\"page\">\n\t\t\t\t<div class=\"elementor-element elementor-element-626cbd93 e-flex e-con-boxed e-con e-parent\" data-id=\"626cbd93\" data-element_type=\"container\" data-e-type=\"container\">\n\t\t\t\t\t<div class=\"e-con-inner\">\n\t\t\t\t<div class=\"elementor-element elementor-element-3b50fa5c elementor-widget elementor-widget-heading\" data-id=\"3b50fa5c\" data-element_type=\"widget\" data-e-type=\"widget\" data-widget_type=\"heading.default\">\n\t\t\t\t<div class=\"elementor-widget-container\">\n\t\t\t\t\t<h1 class=\"elementor-heading-title elementor-size-default\">Wellness<\/h1>\t\t\t\t<\/div>\n\t\t\t\t<\/div>\n\t\t\t\t<div class=\"elementor-element elementor-element-953540a elementor-widget elementor-widget-text-editor\" data-id=\"953540a\" data-element_type=\"widget\" data-e-type=\"widget\" data-widget_type=\"text-editor.default\">\n\t\t\t\t<div class=\"elementor-widget-container\">\n\t\t\t\t\t\t\t\t\t<p>Relaxation after sport with a difference in the Hotel Unterellmau \"Home of Wellness\" in Saalbach Hinterglemm in Salzburger Land. Now new in winter 2019: an outdoor panorama alpine sauna with pine wood for up to 15 people. The stylish outdoor sauna is completely made of pine wood for deep relaxation. Thanks to the beautiful exposed roof truss, our sauna hut has a very comfortable height and even tall guests still have enough space on the highest bench to stretch, stretch and relax to their heart's content. The spacious panoramic window offers a wonderful view of the \"Home of L\u00e4ssig\" mountain region of Saalbach Hinterglemm. In the entrance area there is a unique solid brass washbasin cast from brass and a panoramic shower to cool off after the sauna session.<\/p><p>In winter, die-hard sauna enthusiasts can cool off and refresh themselves in the snow right outside the door. Not only in winter but also in summer, the Home of Wellness in the Hotel Unterellmau offers everything that is good for the body and health, but also in summer there is a several thousand square meter wellness meadow with an organic swimming pond, a large stone pine sauna hut, a well-designed Home of Relax wellness room, a hotel indoor sauna, steam bath and much more. In the Home of Wellness in the Hotel Unterellmau you can relax and regenerate, whether in winter or summer!<\/p>\t\t\t\t\t\t\t\t<\/div>\n\t\t\t\t<\/div>\n\t\t\t\t<div class=\"elementor-element elementor-element-5f19524 elementor-grid-3 elementor-grid-tablet-2 elementor-grid-mobile-1 elementor-posts--thumbnail-top elementor-card-shadow-yes elementor-posts__hover-gradient elementor-widget elementor-widget-posts\" data-id=\"5f19524\" data-element_type=\"widget\" data-e-type=\"widget\" data-settings=\"{&quot;cards_columns&quot;:&quot;3&quot;,&quot;cards_columns_tablet&quot;:&quot;2&quot;,&quot;cards_columns_mobile&quot;:&quot;1&quot;,&quot;cards_row_gap&quot;:{&quot;unit&quot;:&quot;px&quot;,&quot;size&quot;:35,&quot;sizes&quot;:[]},&quot;cards_row_gap_laptop&quot;:{&quot;unit&quot;:&quot;px&quot;,&quot;size&quot;:&quot;&quot;,&quot;sizes&quot;:[]},&quot;cards_row_gap_tablet_extra&quot;:{&quot;unit&quot;:&quot;px&quot;,&quot;size&quot;:&quot;&quot;,&quot;sizes&quot;:[]},&quot;cards_row_gap_tablet&quot;:{&quot;unit&quot;:&quot;px&quot;,&quot;size&quot;:&quot;&quot;,&quot;sizes&quot;:[]},&quot;cards_row_gap_mobile_extra&quot;:{&quot;unit&quot;:&quot;px&quot;,&quot;size&quot;:&quot;&quot;,&quot;sizes&quot;:[]},&quot;cards_row_gap_mobile&quot;:{&quot;unit&quot;:&quot;px&quot;,&quot;size&quot;:&quot;&quot;,&quot;sizes&quot;:[]}}\" data-widget_type=\"posts.cards\">\n\t\t\t\t<div class=\"elementor-widget-container\">\n\t\t\t\t\t\t\t<div class=\"elementor-posts-container elementor-posts elementor-posts--skin-cards elementor-grid\" role=\"list\">\n\t\t\t\t<article class=\"elementor-post elementor-grid-item post-166 post type-post status-publish format-standard has-post-thumbnail hentry category-wellness\" role=\"listitem\">\n\t\t\t<div class=\"elementor-post__card\">\n\t\t\t\t<a class=\"elementor-post__thumbnail__link\" href=\"https:\/\/unterellmau.at\/en\/wellnessraum\/\" tabindex=\"-1\" ><div class=\"elementor-post__thumbnail\"><img fetchpriority=\"high\" decoding=\"async\" width=\"768\" height=\"511\" src=\"https:\/\/unterellmau.at\/wp-content\/uploads\/2023\/07\/DSC_1477-scaled-3-768x511.jpg\" class=\"attachment-medium_large size-medium_large wp-image-169\" alt=\"unterellmau_wellnessbereich\" srcset=\"https:\/\/unterellmau.at\/wp-content\/uploads\/2023\/07\/DSC_1477-scaled-3-768x511.jpg 768w, https:\/\/unterellmau.at\/wp-content\/uploads\/2023\/07\/DSC_1477-scaled-3-300x200.jpg 300w, https:\/\/unterellmau.at\/wp-content\/uploads\/2023\/07\/DSC_1477-scaled-3-1024x681.jpg 1024w, https:\/\/unterellmau.at\/wp-content\/uploads\/2023\/07\/DSC_1477-scaled-3-1536x1022.jpg 1536w, https:\/\/unterellmau.at\/wp-content\/uploads\/2023\/07\/DSC_1477-scaled-3-2048x1362.jpg 2048w\" sizes=\"(max-width: 768px) 100vw, 768px\" title=\"Foto\"><\/div><\/a>\n\t\t\t\t<div class=\"elementor-post__badge\">Wellness<\/div>\n\t\t\t\t<div class=\"elementor-post__text\">\n\t\t\t\t<h3 class=\"elementor-post__title\">\n\t\t\t<a href=\"https:\/\/unterellmau.at\/en\/wellnessraum\/\" >\n\t\t\t\tWellness room\t\t\t<\/a>\n\t\t<\/h3>\n\t\t\t\t<div class=\"elementor-post__excerpt\">\n\t\t\t<p>Home of Relaxroom The new Home of Relaxroom in the Hotel Unterellmau in Saalbach Hinterglemm takes you into an unforgettable world of images and ensures with its pleasant atmosphere, its stone pine loungers<\/p>\n\t\t<\/div>\n\t\t\t\t\t<div class=\"elementor-post__read-more-wrapper\">\n\t\t\n\t\t<a class=\"elementor-post__read-more\" href=\"https:\/\/unterellmau.at\/en\/wellnessraum\/\" aria-label=\"Read more about Wellnessraum\" tabindex=\"-1\" >\n\t\t\tMore \u00bb\t\t<\/a>\n\n\t\t\t\t\t<\/div>\n\t\t\t\t<\/div>\n\t\t\t\t\t<\/div>\n\t\t<\/article>\n\t\t\t\t<article class=\"elementor-post elementor-grid-item post-143 post type-post status-publish format-standard has-post-thumbnail hentry category-wellness\" role=\"listitem\">\n\t\t\t<div class=\"elementor-post__card\">\n\t\t\t\t<a class=\"elementor-post__thumbnail__link\" href=\"https:\/\/unterellmau.at\/en\/zirbensauna\/\" tabindex=\"-1\" ><div class=\"elementor-post__thumbnail\"><img decoding=\"async\" width=\"768\" height=\"511\" src=\"https:\/\/unterellmau.at\/wp-content\/uploads\/2023\/07\/DSC_4346-scaled-3-768x511.jpg\" class=\"attachment-medium_large size-medium_large wp-image-157\" alt=\"Foto\" srcset=\"https:\/\/unterellmau.at\/wp-content\/uploads\/2023\/07\/DSC_4346-scaled-3-768x511.jpg 768w, https:\/\/unterellmau.at\/wp-content\/uploads\/2023\/07\/DSC_4346-scaled-3-300x200.jpg 300w, https:\/\/unterellmau.at\/wp-content\/uploads\/2023\/07\/DSC_4346-scaled-3-1024x681.jpg 1024w, https:\/\/unterellmau.at\/wp-content\/uploads\/2023\/07\/DSC_4346-scaled-3-1536x1022.jpg 1536w, https:\/\/unterellmau.at\/wp-content\/uploads\/2023\/07\/DSC_4346-scaled-3-2048x1362.jpg 2048w\" sizes=\"(max-width: 768px) 100vw, 768px\" title=\"Foto\"><\/div><\/a>\n\t\t\t\t<div class=\"elementor-post__badge\">Wellness<\/div>\n\t\t\t\t<div class=\"elementor-post__text\">\n\t\t\t\t<h3 class=\"elementor-post__title\">\n\t\t\t<a href=\"https:\/\/unterellmau.at\/en\/zirbensauna\/\" >\n\t\t\t\tPine sauna\t\t\t<\/a>\n\t\t<\/h3>\n\t\t\t\t<div class=\"elementor-post__excerpt\">\n\t\t\t<p>Relaxation after sport with a difference in the Hotel Unterellmau \"Home of Wellness\" in Saalbach Hinterglemm in Salzburger Land. Now new in winter 2019: an outdoor panorama alpine sauna with pine wood for up to 15 people.<\/p>\n\t\t<\/div>\n\t\t\t\t\t<div class=\"elementor-post__read-more-wrapper\">\n\t\t\n\t\t<a class=\"elementor-post__read-more\" href=\"https:\/\/unterellmau.at\/en\/zirbensauna\/\" aria-label=\"Read more about Zirbensauna\" tabindex=\"-1\" >\n\t\t\tMore \u00bb\t\t<\/a>\n\n\t\t\t\t\t<\/div>\n\t\t\t\t<\/div>\n\t\t\t\t\t<\/div>\n\t\t<\/article>\n\t\t\t\t<article class=\"elementor-post elementor-grid-item post-158 post type-post status-publish format-standard has-post-thumbnail hentry category-wellness\" role=\"listitem\">\n\t\t\t<div class=\"elementor-post__card\">\n\t\t\t\t<a class=\"elementor-post__thumbnail__link\" href=\"https:\/\/unterellmau.at\/en\/indoorsauna\/\" tabindex=\"-1\" ><div class=\"elementor-post__thumbnail\"><img decoding=\"async\" width=\"768\" height=\"492\" src=\"https:\/\/unterellmau.at\/wp-content\/uploads\/2023\/07\/Sauna_3038_06.03.13-1-scaled-3-768x492.jpg\" class=\"attachment-medium_large size-medium_large wp-image-161\" alt=\"Foto\" srcset=\"https:\/\/unterellmau.at\/wp-content\/uploads\/2023\/07\/Sauna_3038_06.03.13-1-scaled-3-768x492.jpg 768w, https:\/\/unterellmau.at\/wp-content\/uploads\/2023\/07\/Sauna_3038_06.03.13-1-scaled-3-300x192.jpg 300w, https:\/\/unterellmau.at\/wp-content\/uploads\/2023\/07\/Sauna_3038_06.03.13-1-scaled-3-1024x656.jpg 1024w, https:\/\/unterellmau.at\/wp-content\/uploads\/2023\/07\/Sauna_3038_06.03.13-1-scaled-3-1536x984.jpg 1536w, https:\/\/unterellmau.at\/wp-content\/uploads\/2023\/07\/Sauna_3038_06.03.13-1-scaled-3-2048x1312.jpg 2048w\" sizes=\"(max-width: 768px) 100vw, 768px\" title=\"Foto\"><\/div><\/a>\n\t\t\t\t<div class=\"elementor-post__badge\">Wellness<\/div>\n\t\t\t\t<div class=\"elementor-post__text\">\n\t\t\t\t<h3 class=\"elementor-post__title\">\n\t\t\t<a href=\"https:\/\/unterellmau.at\/en\/indoorsauna\/\" >\n\t\t\t\tIndoorsauna\t\t\t<\/a>\n\t\t<\/h3>\n\t\t\t\t<div class=\"elementor-post__excerpt\">\n\t\t\t<p>Sie kommen gerade vom&nbsp;Skifahren&nbsp;und es war wieder einer dieser sch\u00f6nen aber klirrend kalten Wintertage in Saalbach Hinterglemm. Oder haben Sie sich auf einer&nbsp;Skitour&nbsp;durch die Berge<\/p>\n\t\t<\/div>\n\t\t\t\t\t<div class=\"elementor-post__read-more-wrapper\">\n\t\t\n\t\t<a class=\"elementor-post__read-more\" href=\"https:\/\/unterellmau.at\/en\/indoorsauna\/\" aria-label=\"Read more about Indoorsauna\" tabindex=\"-1\" >\n\t\t\tMore \u00bb\t\t<\/a>\n\n\t\t\t\t\t<\/div>\n\t\t\t\t<\/div>\n\t\t\t\t\t<\/div>\n\t\t<\/article>\n\t\t\t\t<article class=\"elementor-post elementor-grid-item post-162 post type-post status-publish format-standard has-post-thumbnail hentry category-wellness\" role=\"listitem\">\n\t\t\t<div class=\"elementor-post__card\">\n\t\t\t\t<a class=\"elementor-post__thumbnail__link\" href=\"https:\/\/unterellmau.at\/en\/bio-badeteich\/\" tabindex=\"-1\" ><div class=\"elementor-post__thumbnail\"><img loading=\"lazy\" decoding=\"async\" width=\"768\" height=\"493\" src=\"https:\/\/unterellmau.at\/wp-content\/uploads\/2023\/07\/sommer-teich_DSC_2377-768x493.jpg\" class=\"attachment-medium_large size-medium_large wp-image-574\" alt=\"unterellmau_badeteich\" srcset=\"https:\/\/unterellmau.at\/wp-content\/uploads\/2023\/07\/sommer-teich_DSC_2377-768x493.jpg 768w, https:\/\/unterellmau.at\/wp-content\/uploads\/2023\/07\/sommer-teich_DSC_2377-300x192.jpg 300w, https:\/\/unterellmau.at\/wp-content\/uploads\/2023\/07\/sommer-teich_DSC_2377-1024x657.jpg 1024w, https:\/\/unterellmau.at\/wp-content\/uploads\/2023\/07\/sommer-teich_DSC_2377-1536x985.jpg 1536w, https:\/\/unterellmau.at\/wp-content\/uploads\/2023\/07\/sommer-teich_DSC_2377-2048x1314.jpg 2048w, https:\/\/unterellmau.at\/wp-content\/uploads\/2023\/07\/sommer-teich_DSC_2377-18x12.jpg 18w\" sizes=\"(max-width: 768px) 100vw, 768px\" title=\"Foto\"><\/div><\/a>\n\t\t\t\t<div class=\"elementor-post__badge\">Wellness<\/div>\n\t\t\t\t<div class=\"elementor-post__text\">\n\t\t\t\t<h3 class=\"elementor-post__title\">\n\t\t\t<a href=\"https:\/\/unterellmau.at\/en\/bio-badeteich\/\" >\n\t\t\t\tBio bathing pond\t\t\t<\/a>\n\t\t<\/h3>\n\t\t\t\t<div class=\"elementor-post__excerpt\">\n\t\t\t<p>Erfrischender Badeteich &amp; Kneippweg &#8211; Eintauchen, entspannen, erleben. Sie k\u00f6nnen im wahrsten Sinn des Wortes \u201eeintauchen\u201c. Der Naturschwimmteich inmitten des Gr\u00fcnlandes l\u00e4dt zum Eintauchen und<\/p>\n\t\t<\/div>\n\t\t\t\t\t<div class=\"elementor-post__read-more-wrapper\">\n\t\t\n\t\t<a class=\"elementor-post__read-more\" href=\"https:\/\/unterellmau.at\/en\/bio-badeteich\/\" aria-label=\"Read more about Bio-Badeteich\" tabindex=\"-1\" >\n\t\t\tMore \u00bb\t\t<\/a>\n\n\t\t\t\t\t<\/div>\n\t\t\t\t<\/div>\n\t\t\t\t\t<\/div>\n\t\t<\/article>\n\t\t\t\t<\/div>\n\t\t\n\t\t\t\t\t\t<\/div>\n\t\t\t\t<\/div>\n\t\t\t\t<div class=\"elementor-element elementor-element-295ffe8a elementor-widget__width-inherit elementor-headline--style-highlight elementor-widget elementor-widget-animated-headline\" data-id=\"295ffe8a\" data-element_type=\"widget\" data-e-type=\"widget\" data-settings=\"{&quot;marker&quot;:&quot;underline&quot;,&quot;highlighted_text&quot;:&quot;Sie.&quot;,&quot;headline_style&quot;:&quot;highlight&quot;,&quot;loop&quot;:&quot;yes&quot;,&quot;highlight_animation_duration&quot;:1200,&quot;highlight_iteration_delay&quot;:8000}\" data-widget_type=\"animated-headline.default\">\n\t\t\t\t<div class=\"elementor-widget-container\">\n\t\t\t\t\t\t\t<h5 class=\"elementor-headline\">\n\t\t\t\t\t<span class=\"elementor-headline-plain-text elementor-headline-text-wrapper\">The team at Hotel Unterellmau looks forward to seeing<\/span>\n\t\t\t\t<span class=\"elementor-headline-dynamic-wrapper elementor-headline-text-wrapper\">\n\t\t\t\t\t<span class=\"elementor-headline-dynamic-text elementor-headline-text-active\">you.<\/span>\n\t\t\t\t<\/span>\n\t\t\t\t<\/h5>\n\t\t\t\t\t\t<\/div>\n\t\t\t\t<\/div>\n\t\t\t\t\t<\/div>\n\t\t\t\t<\/div>\n\t\t\t\t<\/div>","protected":false},"excerpt":{"rendered":"<p>Wellness Erholung nach dem Sport mal anders im Hotel Unterellmau \u201eHome of Wellness\u201c in Saalbach Hinterglemm im Salzburger Land. Jetzt neu im Winter 2019: eine Outdoor Panorama Almsauna mit Zirbenholz f\u00fcr bis zu 15 Personen. Die stylische Outdoorsauna ist komplett in Zirbenholz gestaltet f\u00fcr tiefe Entspannung. Dank des sch\u00f6nen Sichtdachstuhls hat unserer Saunah\u00fctte eine sehr [&hellip;]<\/p>\n","protected":false},"author":1,"featured_media":0,"parent":0,"menu_order":13,"comment_status":"closed","ping_status":"closed","template":"","meta":{"_acf_changed":false,"_monsterinsights_skip_tracking":false,"_monsterinsights_sitenote_active":false,"_monsterinsights_sitenote_note":"","_monsterinsights_sitenote_category":0,"footnotes":""},"class_list":["post-196","page","type-page","status-publish","hentry"],"acf":[],"aioseo_notices":[],"_links":{"self":[{"href":"https:\/\/unterellmau.at\/en\/wp-json\/wp\/v2\/pages\/196","targetHints":{"allow":["GET"]}}],"collection":[{"href":"https:\/\/unterellmau.at\/en\/wp-json\/wp\/v2\/pages"}],"about":[{"href":"https:\/\/unterellmau.at\/en\/wp-json\/wp\/v2\/types\/page"}],"author":[{"embeddable":true,"href":"https:\/\/unterellmau.at\/en\/wp-json\/wp\/v2\/users\/1"}],"replies":[{"embeddable":true,"href":"https:\/\/unterellmau.at\/en\/wp-json\/wp\/v2\/comments?post=196"}],"version-history":[{"count":11,"href":"https:\/\/unterellmau.at\/en\/wp-json\/wp\/v2\/pages\/196\/revisions"}],"predecessor-version":[{"id":1026,"href":"https:\/\/unterellmau.at\/en\/wp-json\/wp\/v2\/pages\/196\/revisions\/1026"}],"wp:attachment":[{"href":"https:\/\/unterellmau.at\/en\/wp-json\/wp\/v2\/media?parent=196"}],"curies":[{"name":"wp","href":"https:\/\/api.w.org\/{rel}","templated":true}]}}