{"id":232,"date":"2023-07-20T10:10:22","date_gmt":"2023-07-20T08:10:22","guid":{"rendered":"https:\/\/neu.unterellmau.at\/laessige-vorteile\/"},"modified":"2023-07-21T16:16:35","modified_gmt":"2023-07-21T14:16:35","slug":"laessige-vorteile","status":"publish","type":"page","link":"https:\/\/unterellmau.at\/en\/laessige-vorteile\/","title":{"rendered":"L\u00e4ssige Vorteile"},"content":{"rendered":"\t\t<div data-elementor-type=\"wp-page\" data-elementor-id=\"232\" class=\"elementor elementor-232\" data-elementor-settings=\"{&quot;ha_cmc_init_switcher&quot;:&quot;no&quot;}\" data-elementor-post-type=\"page\">\n\t\t\t\t<div class=\"elementor-element elementor-element-752fc5c1 e-con-full e-flex e-con e-parent\" data-id=\"752fc5c1\" data-element_type=\"container\" data-e-type=\"container\">\n\t\t<div class=\"elementor-element elementor-element-45e1fde e-flex e-con-boxed e-con e-parent\" data-id=\"45e1fde\" data-element_type=\"container\" data-e-type=\"container\">\n\t\t\t\t\t<div class=\"e-con-inner\">\n\t\t\t\t<div class=\"elementor-element elementor-element-7c9d9186 elementor-widget elementor-widget-heading\" data-id=\"7c9d9186\" data-element_type=\"widget\" data-e-type=\"widget\" data-widget_type=\"heading.default\">\n\t\t\t\t<div class=\"elementor-widget-container\">\n\t\t\t\t\t<h4 class=\"elementor-heading-title elementor-size-default\">Joker Card neu ab 2020<\/h4>\t\t\t\t<\/div>\n\t\t\t\t<\/div>\n\t\t\t\t<div class=\"elementor-element elementor-element-41ea98bd elementor-widget elementor-widget-text-editor\" data-id=\"41ea98bd\" data-element_type=\"widget\" data-e-type=\"widget\" data-widget_type=\"text-editor.default\">\n\t\t\t\t<div class=\"elementor-widget-container\">\n\t\t\t\t\t\t\t\t\t<p>Die JOKER CARD ist der Trumpf f\u00fcr den perfekten Sommerurlaub. Die JOKER CARD kann man nicht kaufen, sie ist f\u00fcr G\u00e4ste unseres Hauses inkludiert und erm\u00f6glicht die kostenlose Nutzung von bis zu 8 Gondelbahnen sowie den Zugang zu den beliebtesten Attraktionen der Region. Dar\u00fcber hinaus genie\u00dfen JOKER CARD Inhaber attraktive Preisvorteile auf Bike-Tickets der gr\u00f6\u00dften Bike Region \u00d6sterreichs sowie Bonuspartnern im gesamten Salzburger Land.<\/p>\t\t\t\t\t\t\t\t<\/div>\n\t\t\t\t<\/div>\n\t\t<div class=\"elementor-element elementor-element-442585e7 e-con-full e-flex e-con e-parent\" data-id=\"442585e7\" data-element_type=\"container\" data-e-type=\"container\" data-settings=\"{&quot;background_background&quot;:&quot;classic&quot;,&quot;background_motion_fx_motion_fx_scrolling&quot;:&quot;yes&quot;,&quot;background_motion_fx_translateY_effect&quot;:&quot;yes&quot;,&quot;background_motion_fx_translateY_direction&quot;:&quot;negative&quot;,&quot;background_motion_fx_translateY_speed&quot;:{&quot;unit&quot;:&quot;px&quot;,&quot;size&quot;:5,&quot;sizes&quot;:[]},&quot;background_motion_fx_range&quot;:&quot;viewport&quot;,&quot;background_motion_fx_devices&quot;:[&quot;desktop&quot;,&quot;laptop&quot;,&quot;tablet_extra&quot;,&quot;tablet&quot;,&quot;mobile_extra&quot;],&quot;background_motion_fx_translateY_affectedRange&quot;:{&quot;unit&quot;:&quot;%&quot;,&quot;size&quot;:&quot;&quot;,&quot;sizes&quot;:{&quot;start&quot;:0,&quot;end&quot;:100}}}\">\n\t\t\t\t<\/div>\n\t\t\t\t<div class=\"elementor-element elementor-element-1123e2bb elementor-widget elementor-widget-text-editor\" data-id=\"1123e2bb\" data-element_type=\"widget\" data-e-type=\"widget\" data-widget_type=\"text-editor.default\">\n\t\t\t\t<div class=\"elementor-widget-container\">\n\t\t\t\t\t\t\t\t\t<p><strong>Die JOKER CARD ist w\u00e4hrend des Aufenthalts in unserem Haus inkludiert und beinhaltet folgende Leistungen:<\/strong><\/p><ul><li>Uneingeschr\u00e4nkte Nutzung von bis zu 6 Gondelbahnen in Saalbach Hinterglemm<\/li><li>T\u00e4glich einmalige Nutzung von bis zu 2 Gondelbahnen in Leognag<\/li><li>2x t\u00e4glich kostenloser Bike-Transport bei Gondelbahnen in Saalbach Hinterglemm oder Leogang<\/li><li>Biken ohne Limit in \u00d6sterreich\u2019s gr\u00f6\u00dftser Bikeregion: 30\u20ac Preisvorteil auf alle Bike Tickets f\u00fcr die uneingeschr\u00e4nkte Nutzung inkl. Biketransport von bis zu 8 Gondelbahnen in Saalbach Hinterglemm und im epic Bikepark Leogang.<\/li><li>Erlebnisse f\u00fcr Kids: Berg Kodok, Montelino\u2018s Erlebnisweg, Teufelswasser, Motorikweg,\u00a0M\u00e4rchenwald, Kids Wander Challenge, Gipfelspielpl\u00e4tze u.v.m.<\/li><li>Uneingeschr\u00e4nkter Zutritt in das K\u00e4pt\u2018n Hook Erlebnisfreibad Saalbach<\/li><li>Uneingeschr\u00e4nkte Nutzung des Talschlusszuges in Hinterglemm<\/li><li>Uneingeschr\u00e4nkte Nutzung des Wanderbusses in Saalbach Hinterglemm\u00a0sowie des \u00f6ffentlichen Verkehrssystems im gesamten Pinzgau<\/li><li>Bis zu 10 gef\u00fchrte Wanderungen pro Woche durch den Tourismusverband<\/li><li>Uneingeschr\u00e4nkte Nutzung der Minigolfanlagen in Saalbach und Hinterglemm<\/li><li>Uneingeschr\u00e4nkte Nutzung der Tennisanlagen Saalbach und Hinterglemm\u00a0gegen telefonische Voranmeldung bzw. Platzreservierung<\/li><li>Kostenloser Eintritt in das Heimathaus und Skimuseum<\/li><li>Zus\u00e4tzlich erhalten Sie attraktive Erm\u00e4\u00dfigungen bei einer Vielzahl von Bonuspartnern im ganzen Salzburger Land<\/li><\/ul>\t\t\t\t\t\t\t\t<\/div>\n\t\t\t\t<\/div>\n\t\t<div class=\"elementor-element elementor-element-140c5b73 e-con-full e-flex e-con e-parent\" data-id=\"140c5b73\" data-element_type=\"container\" data-e-type=\"container\">\n\t\t\t\t<div class=\"elementor-element elementor-element-20d281a elementor-absolute elementor-view-default elementor-widget elementor-widget-icon\" data-id=\"20d281a\" data-element_type=\"widget\" data-e-type=\"widget\" data-settings=\"{&quot;_position&quot;:&quot;absolute&quot;}\" data-widget_type=\"icon.default\">\n\t\t\t\t<div class=\"elementor-widget-container\">\n\t\t\t\t\t\t\t<div class=\"elementor-icon-wrapper\">\n\t\t\t<div class=\"elementor-icon elementor-animation-pulse-grow\">\n\t\t\t<i aria-hidden=\"true\" class=\"hm hm-mouse-scroll-v\"><\/i>\t\t\t<\/div>\n\t\t<\/div>\n\t\t\t\t\t\t<\/div>\n\t\t\t\t<\/div>\n\t\t\t\t<div class=\"elementor-element elementor-element-4f7d8f50 elementor-widget elementor-widget-html\" data-id=\"4f7d8f50\" data-element_type=\"widget\" data-e-type=\"widget\" data-widget_type=\"html.default\">\n\t\t\t\t<div class=\"elementor-widget-container\">\n\t\t\t\t\t<iframe src=\"https:\/\/www.skill.at\/friends-de\/\" style=\"border:0px #ffffff none;border-radius:8px;\" name=\"vorteileIframe\" scrolling=\"yes\" frameborder=\"0\" marginheight=\"0px\" marginwidth=\"0px\" height=\"700px\" width=\"100%\" allowfullscreen><\/iframe>\t\t\t\t<\/div>\n\t\t\t\t<\/div>\n\t\t\t\t<\/div>\n\t\t\t\t\t<\/div>\n\t\t\t\t<\/div>\n\t\t\t\t<\/div>\n\t\t\t\t<\/div>\n\t\t","protected":false},"excerpt":{"rendered":"<p>Joker Card neu ab 2020 Die JOKER CARD ist der Trumpf f\u00fcr den perfekten Sommerurlaub. Die JOKER CARD kann man nicht kaufen, sie ist f\u00fcr G\u00e4ste unseres Hauses inkludiert und erm\u00f6glicht die kostenlose Nutzung von bis zu 8 Gondelbahnen sowie den Zugang zu den beliebtesten Attraktionen der Region. Dar\u00fcber hinaus genie\u00dfen JOKER CARD Inhaber attraktive [&hellip;]<\/p>\n","protected":false},"author":1,"featured_media":0,"parent":0,"menu_order":11,"comment_status":"closed","ping_status":"closed","template":"","meta":{"_acf_changed":false,"_monsterinsights_skip_tracking":false,"_monsterinsights_sitenote_active":false,"_monsterinsights_sitenote_note":"","_monsterinsights_sitenote_category":0,"footnotes":""},"class_list":["post-232","page","type-page","status-publish","hentry"],"acf":[],"aioseo_notices":[],"_links":{"self":[{"href":"https:\/\/unterellmau.at\/en\/wp-json\/wp\/v2\/pages\/232","targetHints":{"allow":["GET"]}}],"collection":[{"href":"https:\/\/unterellmau.at\/en\/wp-json\/wp\/v2\/pages"}],"about":[{"href":"https:\/\/unterellmau.at\/en\/wp-json\/wp\/v2\/types\/page"}],"author":[{"embeddable":true,"href":"https:\/\/unterellmau.at\/en\/wp-json\/wp\/v2\/users\/1"}],"replies":[{"embeddable":true,"href":"https:\/\/unterellmau.at\/en\/wp-json\/wp\/v2\/comments?post=232"}],"version-history":[{"count":5,"href":"https:\/\/unterellmau.at\/en\/wp-json\/wp\/v2\/pages\/232\/revisions"}],"predecessor-version":[{"id":1027,"href":"https:\/\/unterellmau.at\/en\/wp-json\/wp\/v2\/pages\/232\/revisions\/1027"}],"wp:attachment":[{"href":"https:\/\/unterellmau.at\/en\/wp-json\/wp\/v2\/media?parent=232"}],"curies":[{"name":"wp","href":"https:\/\/api.w.org\/{rel}","templated":true}]}}